{"id":1548,"date":"2023-08-08T09:14:17","date_gmt":"2023-08-08T09:14:17","guid":{"rendered":"https:\/\/behoudcafekerkemeijer.nl\/?page_id=1548"},"modified":"2025-11-16T10:02:12","modified_gmt":"2025-11-16T10:02:12","slug":"anbi","status":"publish","type":"page","link":"https:\/\/behoudcafekerkemeijer.nl\/index.php\/anbi\/","title":{"rendered":"ANBI"},"content":{"rendered":"<div class=\"wp-block-image\">\n<figure class=\"aligncenter size-full is-resized\"><img loading=\"lazy\" decoding=\"async\" width=\"474\" height=\"354\" src=\"https:\/\/behoudcafekerkemeijer.nl\/wp-content\/uploads\/2023\/08\/Anbi-logo.jpeg\" alt=\"\" class=\"wp-image-1540\" style=\"width:216px;height:auto\" srcset=\"https:\/\/behoudcafekerkemeijer.nl\/wp-content\/uploads\/2023\/08\/Anbi-logo.jpeg 474w, https:\/\/behoudcafekerkemeijer.nl\/wp-content\/uploads\/2023\/08\/Anbi-logo-300x224.jpeg 300w, https:\/\/behoudcafekerkemeijer.nl\/wp-content\/uploads\/2023\/08\/Anbi-logo-155x116.jpeg 155w\" sizes=\"auto, (max-width: 474px) 100vw, 474px\" \/><\/figure>\n<\/div>\n\n\n<h3 class=\"wp-block-heading\">De huidige ANBI-status van de Stichting Behoud Caf\u00e9 Kerkemeijer<\/h3>\n\n\n\n<p>De Stichting Behoud Caf\u00e9 Kerkemeijer in Rekken heeft een ANBI-status aangevraagd en deze is ook toegekend. Nu staat de stichting bij de Belastingdienst geregistreerd als een Algemeen Nut Beogende Instelling. Door deze status zijn de belastingregels voor ANBI\u2019s op het gebied van schenking, successie en de aftrek van giften (inkomsten-en vennootschapsbelasting) van kracht.<\/p>\n\n\n\n<p>KvK-nummer van de Stichting Behoud Caf\u00e9 Kerkemeijer: 89091736<br>RSIN-nummer van de Stichting Behoud Caf\u00e9 Kerkemeijer: 864876683<br>IBAN-rekeningnummer van de Stichting Behoud Caf\u00e9 Kerkemeijer: NL25 RABO 0369 9279 23<\/p>\n\n\n\n<div class=\"wp-block-buttons is-layout-flex wp-block-buttons-is-layout-flex\">\n<div class=\"wp-block-button\"><a class=\"wp-block-button__link wp-element-button\" href=\"https:\/\/www.belastingdienst.nl\/wps\/wcm\/connect\/bldcontentnl\/belastingdienst\/zakelijk\/bijzondere_regelingen\/goede_doelen\/algemeen_nut_beogende_instellingen\/\">Klik hier om meer informatie te lezen over de ANBI-status<\/a><\/div>\n<\/div>\n\n\n\n<div style=\"height:100px\" aria-hidden=\"true\" class=\"wp-block-spacer\"><\/div>\n\n\n\n<h3 class=\"wp-block-heading\">Het beleidsplan van de Stichting Behoud Caf\u00e9 Kerkemeijer<\/h3>\n\n\n\n<div class=\"wp-block-buttons is-layout-flex wp-block-buttons-is-layout-flex\">\n<div class=\"wp-block-button\"><a class=\"wp-block-button__link wp-element-button\" href=\"https:\/\/behoudcafekerkemeijer.nl\/wp-content\/uploads\/2025\/10\/251007-Beleidsplan-Stichting-Behoud-Cafe-Kerkemeijer-2023-2028-1.pdf\" target=\"_blank\" rel=\"noreferrer noopener\">Klik hier om het beleidsplan van de Stichting Behoud Caf\u00e9 Kerkemeijer in te lezen<\/a><\/div>\n<\/div>\n\n\n\n<div style=\"height:100px\" aria-hidden=\"true\" class=\"wp-block-spacer\"><\/div>\n\n\n\n<p><\/p>\n\n\n\n<h3 class=\"wp-block-heading\">Financi\u00eble jaaroverzichten <\/h3>\n\n\n\n<p><\/p>\n\n\n\n<div data-wp-interactive=\"core\/file\" class=\"wp-block-file\"><object data-wp-bind--hidden=\"!state.hasPdfPreview\" hidden class=\"wp-block-file__embed\" data=\"https:\/\/behoudcafekerkemeijer.nl\/wp-content\/uploads\/2025\/11\/Jaarcijfers-2024.pdf\" type=\"application\/pdf\" style=\"width:100%;height:600px\" aria-label=\"Insluiting van Jaarcijfers 2024.\"><\/object><a id=\"wp-block-file--media-db119302-2c64-4526-90e4-8c9bde30d292\" href=\"https:\/\/behoudcafekerkemeijer.nl\/wp-content\/uploads\/2025\/11\/Jaarcijfers-2024.pdf\">Jaarcijfers 2024<\/a><a href=\"https:\/\/behoudcafekerkemeijer.nl\/wp-content\/uploads\/2025\/11\/Jaarcijfers-2024.pdf\" class=\"wp-block-file__button wp-element-button\" download aria-describedby=\"wp-block-file--media-db119302-2c64-4526-90e4-8c9bde30d292\">Downloaden<\/a><\/div>\n\n\n\n<div data-wp-interactive=\"core\/file\" class=\"wp-block-file\"><object data-wp-bind--hidden=\"!state.hasPdfPreview\" hidden class=\"wp-block-file__embed\" data=\"https:\/\/behoudcafekerkemeijer.nl\/wp-content\/uploads\/2025\/11\/Jaarcijfers-2023.pdf\" type=\"application\/pdf\" style=\"width:100%;height:600px\" aria-label=\"Insluiting van Jaarcijfers 2023.\"><\/object><a id=\"wp-block-file--media-e119ae3e-c6a7-42d3-af75-3a2273d0dbe2\" href=\"https:\/\/behoudcafekerkemeijer.nl\/wp-content\/uploads\/2025\/11\/Jaarcijfers-2023.pdf\">Jaarcijfers 2023<\/a><a href=\"https:\/\/behoudcafekerkemeijer.nl\/wp-content\/uploads\/2025\/11\/Jaarcijfers-2023.pdf\" class=\"wp-block-file__button wp-element-button\" download aria-describedby=\"wp-block-file--media-e119ae3e-c6a7-42d3-af75-3a2273d0dbe2\">Downloaden<\/a><\/div>\n","protected":false},"excerpt":{"rendered":"<p>De huidige ANBI-status van de Stichting Behoud Caf\u00e9 Kerkemeijer De Stichting Behoud Caf\u00e9 Kerkemeijer in Rekken heeft een ANBI-status aangevraagd en deze is ook toegekend. Nu staat de stichting bij de Belastingdienst geregistreerd als een Algemeen Nut Beogende Instelling. Door deze status zijn de belastingregels voor ANBI\u2019s op het gebied van schenking, successie en de<\/p>\n<div><a class=\"btn-filled btn\" href=\"https:\/\/behoudcafekerkemeijer.nl\/index.php\/anbi\/\" title=\"ANBI\">Lees meer<\/a><\/div>\n","protected":false},"author":1,"featured_media":0,"parent":0,"menu_order":0,"comment_status":"closed","ping_status":"closed","template":"","meta":{"om_disable_all_campaigns":false,"_monsterinsights_skip_tracking":false,"_monsterinsights_sitenote_active":false,"_monsterinsights_sitenote_note":"","_monsterinsights_sitenote_category":0,"footnotes":""},"class_list":["post-1548","page","type-page","status-publish","hentry"],"aioseo_notices":[],"_links":{"self":[{"href":"https:\/\/behoudcafekerkemeijer.nl\/index.php\/wp-json\/wp\/v2\/pages\/1548","targetHints":{"allow":["GET"]}}],"collection":[{"href":"https:\/\/behoudcafekerkemeijer.nl\/index.php\/wp-json\/wp\/v2\/pages"}],"about":[{"href":"https:\/\/behoudcafekerkemeijer.nl\/index.php\/wp-json\/wp\/v2\/types\/page"}],"author":[{"embeddable":true,"href":"https:\/\/behoudcafekerkemeijer.nl\/index.php\/wp-json\/wp\/v2\/users\/1"}],"replies":[{"embeddable":true,"href":"https:\/\/behoudcafekerkemeijer.nl\/index.php\/wp-json\/wp\/v2\/comments?post=1548"}],"version-history":[{"count":25,"href":"https:\/\/behoudcafekerkemeijer.nl\/index.php\/wp-json\/wp\/v2\/pages\/1548\/revisions"}],"predecessor-version":[{"id":2169,"href":"https:\/\/behoudcafekerkemeijer.nl\/index.php\/wp-json\/wp\/v2\/pages\/1548\/revisions\/2169"}],"wp:attachment":[{"href":"https:\/\/behoudcafekerkemeijer.nl\/index.php\/wp-json\/wp\/v2\/media?parent=1548"}],"curies":[{"name":"wp","href":"https:\/\/api.w.org\/{rel}","templated":true}]}}